{"id":3117,"date":"2025-01-26T06:19:14","date_gmt":"2025-01-26T06:19:14","guid":{"rendered":"https:\/\/dev251.kodesolution.com\/hoteler\/island\/?page_id=3117"},"modified":"2026-01-11T18:05:12","modified_gmt":"2026-01-11T17:05:12","slug":"contact","status":"publish","type":"page","link":"https:\/\/istrianhomes.com\/hr\/contact\/","title":{"rendered":"Kontakt"},"content":{"rendered":"<div data-elementor-type=\"wp-page\" data-elementor-id=\"3117\" class=\"elementor elementor-3117\" data-elementor-post-type=\"page\">\n\t\t\t\t<div class=\"elementor-element elementor-element-4d4ffa7 e-flex e-con-boxed tm-col-stretched-none tm-bg-color-over-image e-con e-parent\" data-id=\"4d4ffa7\" data-element_type=\"container\" data-e-type=\"container\">\n\t\t\t\t\t<div class=\"e-con-inner\">\n\t\t<div class=\"elementor-element elementor-element-c1b0d07 e-con-full e-flex tm-col-stretched-none tm-bg-color-over-image e-con e-child\" data-id=\"c1b0d07\" data-element_type=\"container\" data-e-type=\"container\">\n\t\t<div class=\"elementor-element elementor-element-5621d90 e-con-full e-flex tm-col-stretched-none tm-bg-color-over-image e-con e-child\" data-id=\"5621d90\" data-element_type=\"container\" data-e-type=\"container\">\n\t\t\t\t<div class=\"elementor-element elementor-element-38812bc horizontal-line-align-left vertical-line-align-bottom elementor-widget elementor-widget-tm-ele-section-title\" data-id=\"38812bc\" data-element_type=\"widget\" data-e-type=\"widget\" data-widget_type=\"tm-ele-section-title.default\">\n\t\t\t\t<div class=\"elementor-widget-container\">\n\t\t\t\t\t<div class=\"tm-sc-section-title section-title\">\r\n\t<div class=\"title-wrapper\">\r\n\t\t\t\t\r\n\r\n<div class=\"sub-title-outer\">\r\n\t\t<div class=\"subtitle\">\r\n\r\n\t\t\r\n\t\tPo\u0161aljite nam e-po\u0161tu\t<\/div>\r\n\t<\/div>\t\t\t<h2 class=\"title\" >\r\n\r\n\t\t\r\n\t\t\t\t<span class=\"title-part1\">Kontaktirajte nas<\/span>\r\n\t\t\r\n\t\t\t\t\t\t\t\r\n\t<\/h2>\r\n\t<div class=\"title-seperator-line\"><\/div>\t\t\t\t\t\t<\/div>\r\n<\/div>\t\t\t\t<\/div>\n\t\t\t\t<\/div>\n\t\t\t\t<div class=\"elementor-element elementor-element-36280e3 elementor-widget elementor-widget-tm-ele-text-editor\" data-id=\"36280e3\" data-element_type=\"widget\" data-e-type=\"widget\" data-widget_type=\"tm-ele-text-editor.default\">\n\t\t\t\t<div class=\"elementor-widget-container\">\n\t\t\t\t\t\t\t<div class=\"tm-text-editor\">\r\n\t\t<p>Imate pitanje o upravljanju nekretninama u Istri ili \u017eelite prilago\u0111enu ponudu za va\u0161 dom?<br data-start=\"210\" data-end=\"213\" \/>Po\u0161aljite nam poruku i uskoro \u0107emo vam se javiti!<\/p>\t\t<\/div>\r\n\t\t\t\t\t<\/div>\n\t\t\t\t<\/div>\n\t\t\t\t<div class=\"elementor-element elementor-element-3046c2e tm-contact-form-7-button-align-left tm-contact-form-7-button-custom elementor-widget elementor-widget-tm-ele-contact-form-7\" data-id=\"3046c2e\" data-element_type=\"widget\" data-e-type=\"widget\" data-widget_type=\"tm-ele-contact-form-7.default\">\n\t\t\t\t<div class=\"elementor-widget-container\">\n\t\t\t\t\t<div class=\"tm-contact-form-7-wrapper\">\r\n\t\t\t\t<div class=\"tm-contact-form tm-contact-form-7 tm-contact-form-3046c2e placeholder-show tm-contact-form-align-default\">\n<div class=\"wpcf7 no-js\" id=\"wpcf7-f46-o1\" lang=\"en-US\" dir=\"ltr\" data-wpcf7-id=\"46\">\n<div class=\"screen-reader-response\"><p role=\"status\" aria-live=\"polite\" aria-atomic=\"true\"><\/p> <ul><\/ul><\/div>\n<form action=\"\/hr\/wp-json\/wp\/v2\/pages\/3117#wpcf7-f46-o1\" method=\"post\" class=\"wpcf7-form init\" aria-label=\"Contact form\" novalidate=\"novalidate\" data-status=\"init\" data-trp-original-action=\"\/hr\/wp-json\/wp\/v2\/pages\/3117#wpcf7-f46-o1\">\n<fieldset class=\"hidden-fields-container\"><input type=\"hidden\" name=\"_wpcf7\" value=\"46\" \/><input type=\"hidden\" name=\"_wpcf7_version\" value=\"6.1.5\" \/><input type=\"hidden\" name=\"_wpcf7_locale\" value=\"en_US\" \/><input type=\"hidden\" name=\"_wpcf7_unit_tag\" value=\"wpcf7-f46-o1\" \/><input type=\"hidden\" name=\"_wpcf7_container_post\" value=\"0\" \/><input type=\"hidden\" name=\"_wpcf7_posted_data_hash\" value=\"\" \/>\n<\/fieldset>\n<div class=\"contact\">\n  <div class=\"row g-3\">\n    <div class=\"col-sm-12\">\n        <span class=\"wpcf7-form-control-wrap\" data-name=\"your-name\"><input size=\"40\" maxlength=\"400\" class=\"wpcf7-form-control wpcf7-text wpcf7-validates-as-required form-control\" aria-required=\"true\" aria-invalid=\"false\" placeholder=\"Ime\" value=\"\" type=\"text\" name=\"your-name\" \/><\/span>\n    <\/div>\n    <div class=\"col-sm-12\">\n        <span class=\"wpcf7-form-control-wrap\" data-name=\"your-email\"><input size=\"40\" maxlength=\"400\" class=\"wpcf7-form-control wpcf7-email wpcf7-validates-as-required wpcf7-text wpcf7-validates-as-email form-control\" aria-required=\"true\" aria-invalid=\"false\" placeholder=\"Email\" value=\"\" type=\"email\" name=\"your-email\" \/><\/span>\n    <\/div>\n    <div class=\"col-sm-12\">\n        <span class=\"wpcf7-form-control-wrap\" data-name=\"your-subject\"><input size=\"40\" maxlength=\"400\" class=\"wpcf7-form-control wpcf7-text wpcf7-validates-as-required form-control\" aria-required=\"true\" aria-invalid=\"false\" placeholder=\"Predmet\" value=\"\" type=\"text\" name=\"your-subject\" \/><\/span>\n    <\/div>\n    <div class=\"col-sm-12\">\n        <span class=\"wpcf7-form-control-wrap\" data-name=\"your-message\"><textarea cols=\"40\" rows=\"7\" maxlength=\"2000\" class=\"wpcf7-form-control wpcf7-textarea wpcf7-validates-as-required form-control\" aria-required=\"true\" aria-invalid=\"false\" placeholder=\"Poruka\" name=\"your-message\"><\/textarea><\/span>\n    <\/div>\n    <div class=\"col-sm-12\">\n        <input class=\"wpcf7-form-control wpcf7-submit has-spinner btn btn-theme-colored2\" type=\"submit\" value=\"PO\u0160ALJITE PORUKU\" \/>\n    <\/div>\n  <\/div>\n<\/div><div class=\"wpcf7-response-output\" aria-hidden=\"true\"><\/div>\n<input type=\"hidden\" name=\"trp-form-language\" value=\"hr\"\/><\/form>\n<\/div>\n<\/div>\r\n\t\t\t<\/div>\t\t\t\t<\/div>\n\t\t\t\t<\/div>\n\t\t\t\t<\/div>\n\t\t<div class=\"elementor-element elementor-element-9fb0454 e-con-full e-flex tm-col-stretched-none tm-bg-color-over-image e-con e-child\" data-id=\"9fb0454\" data-element_type=\"container\" data-e-type=\"container\">\n\t\t\t\t<div class=\"elementor-element elementor-element-b271d44 horizontal-line-align-left vertical-line-align-bottom elementor-widget elementor-widget-tm-ele-section-title\" data-id=\"b271d44\" data-element_type=\"widget\" data-e-type=\"widget\" data-widget_type=\"tm-ele-section-title.default\">\n\t\t\t\t<div class=\"elementor-widget-container\">\n\t\t\t\t\t<div class=\"tm-sc-section-title section-title\">\r\n\t<div class=\"title-wrapper\">\r\n\t\t\t\t\r\n\r\n<div class=\"sub-title-outer\">\r\n\t<\/div>\t\t\t<h2 class=\"title\" >\r\n\r\n\t\t\r\n\t\t\t\t<span class=\"title-part1\">Obrt Alexin - Usluge poslovnog savjetovanja<\/span>\r\n\t\t\r\n\t\t\t\t\t\t\t\r\n\t<\/h2>\r\n\t<div class=\"title-seperator-line\"><\/div>\t\t\t\t\t\t<\/div>\r\n<\/div>\t\t\t\t<\/div>\n\t\t\t\t<\/div>\n\t\t\t\t<div class=\"elementor-element elementor-element-072a430 elementor-widget elementor-widget-tm-ele-iconbox\" data-id=\"072a430\" data-element_type=\"widget\" data-e-type=\"widget\" data-widget_type=\"tm-ele-iconbox.default\">\n\t\t\t\t<div class=\"elementor-widget-container\">\n\t\t\t\t\t<div class=\"tm-sc-icon-box icon-box icon-left font-icon icon-default icon-left\">\r\n\t\r\n  \t<div class=\"icon-box-wrapper\">\r\n\t\t\r\n\t\t<div class=\"icon-wrapper\">\r\n\t\t<div class=\"icon icon-default icon-type-font-icon icon-md\">\r\n\t\t\t<i aria-hidden=\"true\" class=\"flaticon-common-call-3\"><\/i>\t\t<\/div>\r\n\r\n\t\t\t<\/div>\r\n\t\t\t<div class=\"icon-text\">\r\n\t\t\t\t\t\t\r\n\t\t\t\t<h4 class=\"icon-box-title\">\r\n\t\t\t\t\t\t\tImate li pitanje?\t\t\t\t\t<\/h4>\r\n\t\t\t\t\t<div class=\"content\"><p>+385 <span>99 698 6737<\/span><\/p><\/div>\r\n\t\t\t\r\n\t\t\t\r\n\t\r\n\t\t\t\t\t<\/div>\r\n\t\t<div class=\"clearfix\"><\/div>\r\n\t<\/div>\r\n<\/div>\t\t\t\t<\/div>\n\t\t\t\t<\/div>\n\t\t\t\t<div class=\"elementor-element elementor-element-b035630 elementor-widget elementor-widget-tm-ele-iconbox\" data-id=\"b035630\" data-element_type=\"widget\" data-e-type=\"widget\" data-widget_type=\"tm-ele-iconbox.default\">\n\t\t\t\t<div class=\"elementor-widget-container\">\n\t\t\t\t\t<div class=\"tm-sc-icon-box icon-box icon-left font-icon icon-default icon-left\">\r\n\t\r\n  \t<div class=\"icon-box-wrapper\">\r\n\t\t\r\n\t\t<div class=\"icon-wrapper\">\r\n\t\t<div class=\"icon icon-default icon-type-font-icon icon-md\">\r\n\t\t\t<i aria-hidden=\"true\" class=\"flaticon-common-email-1\"><\/i>\t\t<\/div>\r\n\r\n\t\t\t<\/div>\r\n\t\t\t<div class=\"icon-text\">\r\n\t\t\t\t\t\t\r\n\t\t\t\t<h4 class=\"icon-box-title\">\r\n\t\t\t\t\t\t\tPo\u0161aljite e-po\u0161tu\t\t\t\t\t<\/h4>\r\n\t\t\t\t\t<div class=\"content\"><p>info@istrianhomes.com<\/p><\/div>\r\n\t\t\t\r\n\t\t\t\r\n\t\r\n\t\t\t\t\t<\/div>\r\n\t\t<div class=\"clearfix\"><\/div>\r\n\t<\/div>\r\n<\/div>\t\t\t\t<\/div>\n\t\t\t\t<\/div>\n\t\t\t\t<\/div>\n\t\t\t\t<\/div>\n\t\t\t\t\t<\/div>\n\t\t\t\t<\/div>\n\t\t<div class=\"elementor-element elementor-element-9415e1c e-con-full e-flex tm-col-stretched-none tm-bg-color-over-image e-con e-parent\" data-id=\"9415e1c\" data-element_type=\"container\" data-e-type=\"container\">\n\t\t\t\t<div class=\"elementor-element elementor-element-977ade4 elementor-widget elementor-widget-google_maps\" data-id=\"977ade4\" data-element_type=\"widget\" data-e-type=\"widget\" data-widget_type=\"google_maps.default\">\n\t\t\t\t\t\t\t<div class=\"elementor-custom-embed\">\n\t\t\t<iframe loading=\"lazy\"\n\t\t\t\t\tsrc=\"https:\/\/maps.google.com\/maps?q=ULICA%20VALMADE%208%2C%20PULA%2C%2052100%2C%20Pula%2C%20Hrvatska&#038;t=m&#038;z=10&#038;output=embed&#038;iwloc=near\"\n\t\t\t\t\ttitle=\"ULICA VALMADE 8, PULA, 52100, Pula, Hrvatska\"\n\t\t\t\t\taria-label=\"ULICA VALMADE 8, PULA, 52100, Pula, Hrvatska\"\n\t\t\t><\/iframe>\n\t\t<\/div>\n\t\t\t\t\t\t<\/div>\n\t\t\t\t<\/div>\n\t\t\t\t<\/div>","protected":false},"excerpt":{"rendered":"<p>Send us email Feel free to write Have a question about property management in Istria, or want a tailored offer&#8230;<\/p>","protected":false},"author":1,"featured_media":0,"parent":0,"menu_order":0,"comment_status":"closed","ping_status":"closed","template":"","meta":{"_eb_attr":"","footnotes":""},"class_list":["post-3117","page","type-page","status-publish","hentry"],"_links":{"self":[{"href":"https:\/\/istrianhomes.com\/hr\/wp-json\/wp\/v2\/pages\/3117","targetHints":{"allow":["GET"]}}],"collection":[{"href":"https:\/\/istrianhomes.com\/hr\/wp-json\/wp\/v2\/pages"}],"about":[{"href":"https:\/\/istrianhomes.com\/hr\/wp-json\/wp\/v2\/types\/page"}],"author":[{"embeddable":true,"href":"https:\/\/istrianhomes.com\/hr\/wp-json\/wp\/v2\/users\/1"}],"replies":[{"embeddable":true,"href":"https:\/\/istrianhomes.com\/hr\/wp-json\/wp\/v2\/comments?post=3117"}],"version-history":[{"count":13,"href":"https:\/\/istrianhomes.com\/hr\/wp-json\/wp\/v2\/pages\/3117\/revisions"}],"predecessor-version":[{"id":12420,"href":"https:\/\/istrianhomes.com\/hr\/wp-json\/wp\/v2\/pages\/3117\/revisions\/12420"}],"wp:attachment":[{"href":"https:\/\/istrianhomes.com\/hr\/wp-json\/wp\/v2\/media?parent=3117"}],"curies":[{"name":"wp","href":"https:\/\/api.w.org\/{rel}","templated":true}]}}